{"id":449,"date":"2014-06-17T11:59:39","date_gmt":"2014-06-17T14:59:39","guid":{"rendered":"http:\/\/municipales.org.ar\/festram\/?page_id=449"},"modified":"2018-03-15T12:25:34","modified_gmt":"2018-03-15T15:25:34","slug":"datos-e-historia","status":"publish","type":"page","link":"https:\/\/municipales.org.ar\/festram\/datos-e-historia\/","title":{"rendered":"Datos e Historia"},"content":{"rendered":"<h5><strong style=\"color: #5e5e5e;\">La Federaci\u00f3n de Sindicatos de Trabajadores Municipales de la Provincia de Santa Fe es la Organizaci\u00f3n Sindical que agrupa a los 43 Sindicatos de Trabajadores\u00a0de las Municipalidades y Comunas de todas las jurisdicciones en que se divide el territorio Provincial, representando a m\u00e1s de 40.000\u00a0trabajadores del sector p\u00fablico municipal.<\/strong><\/h5>\n<p>&nbsp;<\/p>\n<p>El objetivo principal de esta Organizaci\u00f3n Sindical es la defensa integral de la DIGNIDAD de los trabajadores municipales y ha definido claramente el rol de sus afiliados:<\/p>\n<blockquote><p>Para nosotros, el Municipio y la Comuna, constituyen, no s\u00f3lo nuestro medio de vida, sino el \u00e1mbito natural para defender las aspiraciones en el proceso de las transformaciones hist\u00f3ricas de la sociedad<\/p><\/blockquote>\n<p>La atenci\u00f3n de la salud de sus afiliadas es cubierta por el Instituto Aut\u00e1rquico Provincial de Obra Social (IAPOS) de caracter\u00edsticas solidarias ya que todos sus afilados reciben la misma cobertura sin discriminar el monto de sus aportes. El sistema de retiro de los trabajadores municipales se preserva administrado por el Estado, pese a que en la Rep\u00fablica Argentina esta privatizado, la Seguridad Social tiene cobertura mediante cinco Cajas de Jubilaciones y Pensiones Municipales y por medio de la Caja de Jubilaciones y Pensiones de la Provincia de Santa Fe. La FESTRAM ha contribuido en la lucha gremial para impedir que la Salud y la Previsi\u00f3n Social de los trabajadores municipales santafesinos sean transferidas a empresas privadas. La privatizaci\u00f3n de los organismos estatales de la Seguridad Social se ha instrumentado en gran parte de la Rep\u00fablica Argentina.<\/p>\n<p>[ot-caption title=\u00bbActo de Inauguraci\u00f3n de la Sede Sindical \/ 23 de Noviembre de 1987&#8243; url=\u00bbhttp:\/\/municipales.org.ar\/festram\/wp-content\/uploads\/2014\/06\/festram_sede_vieja0004.jpg\u00bb]<\/p>\n<p>La asistencia social complementaria a los Trabajadores Municipales en los rubros de vivienda, turismo, seguros, subsidios, cr\u00e9ditos, etc. se presta a trav\u00e9s de la Mutual de FESTRAM, denominada AMFESTRAM.<\/p>\n<p>Un organismo t\u00e9cnico, de estudio investigaciones y desarrollo de las actividades laborales, municipales y sociales fue creado por FESTRAM. La Fundaci\u00f3n para el Desarrollo Comunitario \u201cBrigadier General Estanislao Lopez\u201d, cuya sigla es FUNDECOM se encarga de instrumentar la Capacitaci\u00f3n Sindical y Profesional de los Trabajadores Municipales; adem\u00e1s de asistir t\u00e9cnica y cient\u00edficamente a Sindicatos, Mutuales, Cooperativas y Municipalidades que lo requieran. El cooperativismo es tambi\u00e9n una actividad impulsada por la Federaci\u00f3n y cuenta a su vez con una empresa social de esa caracter\u00edsticas, denominada FESTRAMCOOP.<\/p>\n<p>En s\u00edntesis la FESTRAM es una Organizaci\u00f3n que adem\u00e1s de concentrar su esfuerzo en preservar la DIGNIDAD de sus afiliados, realiza un importante aporte a la Comunidad, fundamentalmente a sus fuentes de trabajo, que son los Municipios y las Comunas de la Provincia de Santa Fe. Tarea que se realiza con la convicci\u00f3n y el esfuerzo del Movimiento Sindical Municipal por contribuir a establecer un Modelo de Desarrollo econ\u00f3mico, sin exclusiones de ninguna naturaleza, en Paz,con Democracia y Justicia Social.<\/p>\n<h2>Nuestra Historia<\/h2>\n<p>La Federaci\u00f3n de Sindicatos de Trabajadores Municipales de la Provincia de Santa Fe (FESTRAM) nace en el a\u00f1o 1964 como entidad de Segundo Grado, exactamente en la ciudad de Santa Fe merced a un grupo de trabajadores municipales liderados por el entonces Gremialista ELBIO GOITIA.<\/p>\n<p>Pero ante la inactividad de la misma, a partir del a\u00f1o 1972 los sindicatos del Interior de la Provincia comienzan con la tarea de revitalizar la vigencia de la Entidad por la urgente necesidad de tener un orden provincial que los represente y defienda en sus derechos, salarios y reg\u00edmenes laborales.<\/p>\n<p>Ya por entonces ten\u00eda una nueva conducci\u00f3n que estaba en manos de un municipal de Rosario, que igualmente integraba los niveles nacionales pero que segu\u00eda manteniendo la pasividad de trabajo a favor del sector.<\/p>\n<p>Se efectuaron durante esos a\u00f1os de gesti\u00f3n sendos congresos para lograr la renuncia del compa\u00f1ero Rosarino, que una vez logrado, previa aprobaci\u00f3n de un nuevo texto de Estatuto, se procede a la realizaci\u00f3n de un hist\u00f3rico Congreso de Delegados en la ciudad de VENADO TUERTO el d\u00eda 16 de noviembre de 1974 en el que se eligen las autoridades de la FESTRAM por un per\u00edodo estatutario con la participaci\u00f3n de 21 (veinti\u00fan) Sindicatos Municipales conforme al siguiente detalle: CASILDA; CA\u00d1ADA DE GOMEZ; CAPITAN BERMUDEZ: CORREA; FIRMAT; FUNES; GRANADERO BAIGORRIA; LAGUNA PAIVA; RUFINO; RAFAELA; SAN LORENZO; SAN JORGE; SUNCHALES; VENADO TUERTO; VILLA GOBERNADOR GALVEZ; VILLA CONSTITUCION; LAS ROSAS; ARROYO SECO; CORONDA; SAUCE VIEJO y GALVEZ.<\/p>\n<p>&nbsp;<\/p>\n","protected":false},"excerpt":{"rendered":"<p>La Federaci\u00f3n de Sindicatos de Trabajadores Municipales de la Provincia de Santa Fe es la Organizaci\u00f3n Sindical que agrupa a los 43 Sindicatos de Trabajadores\u00a0de las Municipalidades y Comunas de todas las jurisdicciones en que se divide el territorio Provincial, representando a m\u00e1s de 40.000\u00a0trabajadores del sector p\u00fablico municipal. &nbsp; El objetivo principal de esta [&hellip;]<\/p>\n","protected":false},"author":1,"featured_media":0,"parent":0,"menu_order":0,"comment_status":"closed","ping_status":"closed","template":"","meta":{"footnotes":""},"class_list":["post-449","page","type-page","status-publish","hentry"],"yoast_head":"<!-- This site is optimized with the Yoast SEO plugin v25.9 - https:\/\/yoast.com\/wordpress\/plugins\/seo\/ -->\n<title>Datos e Historia &#8211; FESTRAM<\/title>\n<meta name=\"description\" content=\"La Federaci\u00f3n. Nuestra Historia. Objetivos. Rol de los afiliados. Datos e Historia.\" \/>\n<meta name=\"robots\" content=\"index, follow, max-snippet:-1, max-image-preview:large, max-video-preview:-1\" \/>\n<link rel=\"canonical\" href=\"https:\/\/municipales.org.ar\/festram\/datos-e-historia\/\" \/>\n<meta property=\"og:locale\" content=\"es_ES\" \/>\n<meta property=\"og:type\" content=\"article\" \/>\n<meta property=\"og:title\" content=\"Datos e Historia &#8211; FESTRAM\" \/>\n<meta property=\"og:description\" content=\"La Federaci\u00f3n. Nuestra Historia. Objetivos. Rol de los afiliados. Datos e Historia.\" \/>\n<meta property=\"og:url\" content=\"https:\/\/municipales.org.ar\/festram\/datos-e-historia\/\" \/>\n<meta property=\"og:site_name\" content=\"FESTRAM\" \/>\n<meta property=\"article:publisher\" content=\"https:\/\/www.facebook.com\/MunicipalesSF\" \/>\n<meta property=\"article:modified_time\" content=\"2018-03-15T15:25:34+00:00\" \/>\n<meta property=\"og:image\" content=\"https:\/\/municipales.org.ar\/festram\/wp-content\/uploads\/2015\/11\/tapa-convocatoria-2016A.jpg\" \/>\n\t<meta property=\"og:image:width\" content=\"1200\" \/>\n\t<meta property=\"og:image:height\" content=\"512\" \/>\n\t<meta property=\"og:image:type\" content=\"image\/jpeg\" \/>\n<meta name=\"twitter:card\" content=\"summary_large_image\" \/>\n<meta name=\"twitter:site\" content=\"@MunicipalesSF\" \/>\n<meta name=\"twitter:label1\" content=\"Tiempo de lectura\" \/>\n\t<meta name=\"twitter:data1\" content=\"4 minutos\" \/>\n<script type=\"application\/ld+json\" class=\"yoast-schema-graph\">{\"@context\":\"https:\/\/schema.org\",\"@graph\":[{\"@type\":\"WebPage\",\"@id\":\"https:\/\/municipales.org.ar\/festram\/datos-e-historia\/\",\"url\":\"https:\/\/municipales.org.ar\/festram\/datos-e-historia\/\",\"name\":\"Datos e Historia &#8211; FESTRAM\",\"isPartOf\":{\"@id\":\"https:\/\/municipales.org.ar\/festram\/#website\"},\"datePublished\":\"2014-06-17T14:59:39+00:00\",\"dateModified\":\"2018-03-15T15:25:34+00:00\",\"description\":\"La Federaci\u00f3n. Nuestra Historia. Objetivos. Rol de los afiliados. Datos e Historia.\",\"breadcrumb\":{\"@id\":\"https:\/\/municipales.org.ar\/festram\/datos-e-historia\/#breadcrumb\"},\"inLanguage\":\"es\",\"potentialAction\":[{\"@type\":\"ReadAction\",\"target\":[\"https:\/\/municipales.org.ar\/festram\/datos-e-historia\/\"]}]},{\"@type\":\"BreadcrumbList\",\"@id\":\"https:\/\/municipales.org.ar\/festram\/datos-e-historia\/#breadcrumb\",\"itemListElement\":[{\"@type\":\"ListItem\",\"position\":1,\"name\":\"Portada\",\"item\":\"https:\/\/municipales.org.ar\/festram\/\"},{\"@type\":\"ListItem\",\"position\":2,\"name\":\"Datos e Historia\"}]},{\"@type\":\"WebSite\",\"@id\":\"https:\/\/municipales.org.ar\/festram\/#website\",\"url\":\"https:\/\/municipales.org.ar\/festram\/\",\"name\":\"FESTRAM\",\"description\":\"La web de los trabajadores municipales\",\"publisher\":{\"@id\":\"https:\/\/municipales.org.ar\/festram\/#organization\"},\"potentialAction\":[{\"@type\":\"SearchAction\",\"target\":{\"@type\":\"EntryPoint\",\"urlTemplate\":\"https:\/\/municipales.org.ar\/festram\/?s={search_term_string}\"},\"query-input\":{\"@type\":\"PropertyValueSpecification\",\"valueRequired\":true,\"valueName\":\"search_term_string\"}}],\"inLanguage\":\"es\"},{\"@type\":\"Organization\",\"@id\":\"https:\/\/municipales.org.ar\/festram\/#organization\",\"name\":\"Federaci\u00f3n de Sindicatos de Trabajadores Municipales de la Provincia de Santa Fe\",\"url\":\"https:\/\/municipales.org.ar\/festram\/\",\"logo\":{\"@type\":\"ImageObject\",\"inLanguage\":\"es\",\"@id\":\"https:\/\/municipales.org.ar\/festram\/#\/schema\/logo\/image\/\",\"url\":\"https:\/\/www.municipales.org.ar\/festram\/wp-content\/uploads\/2014\/07\/logo_fes.jpg\",\"contentUrl\":\"https:\/\/www.municipales.org.ar\/festram\/wp-content\/uploads\/2014\/07\/logo_fes.jpg\",\"width\":661,\"height\":673,\"caption\":\"Federaci\u00f3n de Sindicatos de Trabajadores Municipales de la Provincia de Santa Fe\"},\"image\":{\"@id\":\"https:\/\/municipales.org.ar\/festram\/#\/schema\/logo\/image\/\"},\"sameAs\":[\"https:\/\/www.facebook.com\/MunicipalesSF\",\"https:\/\/x.com\/MunicipalesSF\",\"https:\/\/www.youtube.com\/user\/festram\"]}]}<\/script>\n<!-- \/ Yoast SEO plugin. -->","yoast_head_json":{"title":"Datos e Historia &#8211; FESTRAM","description":"La Federaci\u00f3n. Nuestra Historia. Objetivos. Rol de los afiliados. Datos e Historia.","robots":{"index":"index","follow":"follow","max-snippet":"max-snippet:-1","max-image-preview":"max-image-preview:large","max-video-preview":"max-video-preview:-1"},"canonical":"https:\/\/municipales.org.ar\/festram\/datos-e-historia\/","og_locale":"es_ES","og_type":"article","og_title":"Datos e Historia &#8211; FESTRAM","og_description":"La Federaci\u00f3n. Nuestra Historia. Objetivos. Rol de los afiliados. Datos e Historia.","og_url":"https:\/\/municipales.org.ar\/festram\/datos-e-historia\/","og_site_name":"FESTRAM","article_publisher":"https:\/\/www.facebook.com\/MunicipalesSF","article_modified_time":"2018-03-15T15:25:34+00:00","og_image":[{"width":1200,"height":512,"url":"https:\/\/municipales.org.ar\/festram\/wp-content\/uploads\/2015\/11\/tapa-convocatoria-2016A.jpg","type":"image\/jpeg"}],"twitter_card":"summary_large_image","twitter_site":"@MunicipalesSF","twitter_misc":{"Tiempo de lectura":"4 minutos"},"schema":{"@context":"https:\/\/schema.org","@graph":[{"@type":"WebPage","@id":"https:\/\/municipales.org.ar\/festram\/datos-e-historia\/","url":"https:\/\/municipales.org.ar\/festram\/datos-e-historia\/","name":"Datos e Historia &#8211; FESTRAM","isPartOf":{"@id":"https:\/\/municipales.org.ar\/festram\/#website"},"datePublished":"2014-06-17T14:59:39+00:00","dateModified":"2018-03-15T15:25:34+00:00","description":"La Federaci\u00f3n. Nuestra Historia. Objetivos. Rol de los afiliados. Datos e Historia.","breadcrumb":{"@id":"https:\/\/municipales.org.ar\/festram\/datos-e-historia\/#breadcrumb"},"inLanguage":"es","potentialAction":[{"@type":"ReadAction","target":["https:\/\/municipales.org.ar\/festram\/datos-e-historia\/"]}]},{"@type":"BreadcrumbList","@id":"https:\/\/municipales.org.ar\/festram\/datos-e-historia\/#breadcrumb","itemListElement":[{"@type":"ListItem","position":1,"name":"Portada","item":"https:\/\/municipales.org.ar\/festram\/"},{"@type":"ListItem","position":2,"name":"Datos e Historia"}]},{"@type":"WebSite","@id":"https:\/\/municipales.org.ar\/festram\/#website","url":"https:\/\/municipales.org.ar\/festram\/","name":"FESTRAM","description":"La web de los trabajadores municipales","publisher":{"@id":"https:\/\/municipales.org.ar\/festram\/#organization"},"potentialAction":[{"@type":"SearchAction","target":{"@type":"EntryPoint","urlTemplate":"https:\/\/municipales.org.ar\/festram\/?s={search_term_string}"},"query-input":{"@type":"PropertyValueSpecification","valueRequired":true,"valueName":"search_term_string"}}],"inLanguage":"es"},{"@type":"Organization","@id":"https:\/\/municipales.org.ar\/festram\/#organization","name":"Federaci\u00f3n de Sindicatos de Trabajadores Municipales de la Provincia de Santa Fe","url":"https:\/\/municipales.org.ar\/festram\/","logo":{"@type":"ImageObject","inLanguage":"es","@id":"https:\/\/municipales.org.ar\/festram\/#\/schema\/logo\/image\/","url":"https:\/\/www.municipales.org.ar\/festram\/wp-content\/uploads\/2014\/07\/logo_fes.jpg","contentUrl":"https:\/\/www.municipales.org.ar\/festram\/wp-content\/uploads\/2014\/07\/logo_fes.jpg","width":661,"height":673,"caption":"Federaci\u00f3n de Sindicatos de Trabajadores Municipales de la Provincia de Santa Fe"},"image":{"@id":"https:\/\/municipales.org.ar\/festram\/#\/schema\/logo\/image\/"},"sameAs":["https:\/\/www.facebook.com\/MunicipalesSF","https:\/\/x.com\/MunicipalesSF","https:\/\/www.youtube.com\/user\/festram"]}]}},"jetpack_sharing_enabled":true,"jetpack_likes_enabled":false,"jetpack_shortlink":"https:\/\/wp.me\/P7l4x1-7f","_links":{"self":[{"href":"https:\/\/municipales.org.ar\/festram\/wp-json\/wp\/v2\/pages\/449","targetHints":{"allow":["GET"]}}],"collection":[{"href":"https:\/\/municipales.org.ar\/festram\/wp-json\/wp\/v2\/pages"}],"about":[{"href":"https:\/\/municipales.org.ar\/festram\/wp-json\/wp\/v2\/types\/page"}],"author":[{"embeddable":true,"href":"https:\/\/municipales.org.ar\/festram\/wp-json\/wp\/v2\/users\/1"}],"replies":[{"embeddable":true,"href":"https:\/\/municipales.org.ar\/festram\/wp-json\/wp\/v2\/comments?post=449"}],"version-history":[{"count":26,"href":"https:\/\/municipales.org.ar\/festram\/wp-json\/wp\/v2\/pages\/449\/revisions"}],"predecessor-version":[{"id":491,"href":"https:\/\/municipales.org.ar\/festram\/wp-json\/wp\/v2\/pages\/449\/revisions\/491"}],"wp:attachment":[{"href":"https:\/\/municipales.org.ar\/festram\/wp-json\/wp\/v2\/media?parent=449"}],"curies":[{"name":"wp","href":"https:\/\/api.w.org\/{rel}","templated":true}]}}